{"id":1901,"date":"2018-05-03T09:11:17","date_gmt":"2018-05-03T09:11:17","guid":{"rendered":"http:\/\/typo.uni-konstanz.de\/questionsInterfaces\/?page_id=1901"},"modified":"2018-05-03T09:12:12","modified_gmt":"2018-05-03T09:12:12","slug":"2018-summer","status":"publish","type":"page","link":"https:\/\/typo.uni-konstanz.de\/questionsInterfaces\/index.php\/2018-summer\/","title":{"rendered":"2018 Summer"},"content":{"rendered":"\n<table id=\"tablepress-11\" class=\"tablepress tablepress-id-11\">\n<thead>\n<tr class=\"row-1\">\n\t<th class=\"column-1\">Date \t<\/th><th class=\"column-2\">Who \t<\/th><th class=\"column-3\">Title <\/th>\n<\/tr>\n<\/thead>\n<tbody>\n<tr class=\"row-2\">\n\t<td class=\"column-1\">Thu, April 26<br \/>\n10 - 12, G307                                    <\/td><td class=\"column-2\"><a href=\"https:\/\/www.universiteitleiden.nl\/en\/staffmembers\/guliz-gunes#tab-1\">G\u00fcliz G\u00fcne\u015f<\/a> (Leiden University)<\/td><td class=\"column-3\"><a href=\"http:\/\/typo.uni-konstanz.de\/questionsInterfaces\/wp-content\/uploads\/2018\/05\/Abstract_G\u00fcnes.pdf\">Prosodic constituency and syntax-prosody mapping in Turkish<a\/><\/td>\n<\/tr>\n<tr class=\"row-3\">\n\t<td class=\"column-1\">Thu, April 26<br \/>\n15:15 - 16:45, G 307<\/td><td class=\"column-2\"><a href=\"http:\/\/homepages.inf.ed.ac.uk\/steedman\/\">Mark Steedman<\/a>(University of Edinburgh)<\/td><td class=\"column-3\">Contiguity and Universal Grammar<\/td>\n<\/tr>\n<tr class=\"row-4\">\n\t<td class=\"column-1\">Thu, May 24<br \/>\n15:15 - 16:45, G 307<\/td><td class=\"column-2\"><a href=\"https:\/\/www.heddezeijlstra.org\">Hedde Zeijlstra<\/a> (Universit\u00e4t G\u00f6ttingen)<\/td><td class=\"column-3\"><a href=\"http:\/\/typo.uni-konstanz.de\/questionsInterfaces\/wp-content\/uploads\/2018\/06\/Zeijlstra_Abs.pdf\">Principles of projection<a\/><\/td>\n<\/tr>\n<tr class=\"row-5\">\n\t<td class=\"column-1\">Tue, June 26<br \/>\n17:00 - 18:30, G 307<\/td><td class=\"column-2\"><a href=\"https:\/\/www.iaaw.hu-berlin.de\/de\/seminar-fuer-ostasien-studien\/sinologie\/personal\/1685968\">Barbara Meisterernst<\/a> (Humboldt Universit\u00e4t, Berlin)<\/td><td class=\"column-3\"><a href=\"http:\/\/typo.uni-konstanz.de\/questionsInterfaces\/wp-content\/uploads\/2018\/06\/Meisterernst_abstract.pdf\">A new approach on the modal KE \u53ef, aspect and modality in Archaic Chinese, and the development of deontic readings<a\/><\/td>\n<\/tr>\n<tr class=\"row-6\">\n\t<td class=\"column-1\">Thu, July 5<br \/>\n15:15 - 16:45, G 307<\/td><td class=\"column-2\"><a href=\"https:\/\/www.upf.edu\/web\/mcnally\">Louise McNally<\/a> (Universitat Pompeu Fabra, Barcelona)<\/td><td class=\"column-3\"><a href= \"http:\/\/typo.uni-konstanz.de\/questionsInterfaces\/wp-content\/uploads\/2018\/06\/Abstract_McNally.docx\">Idioms and the syntax\/semantics interface of descriptive content vs. reference\" (joint work with Berit Gehrke)<a\/><\/td>\n<\/tr>\n<tr class=\"row-7\">\n\t<td class=\"column-1\">Thu, July 19<br \/>\n15:15 - 16:45, G 307<\/td><td class=\"column-2\"><a href=\"https:\/\/www.qmu.ac.uk\/schools-and-divisions\/shs\/shs-staff\/professor-james-m-scobbie\/\">Jim Scobbie<\/a> (Queen Margaret University, Edinburgh)<\/td><td class=\"column-3\">tba<\/td>\n<\/tr>\n<\/tbody>\n<\/table>\n<!-- #tablepress-11 from cache -->\n","protected":false},"excerpt":{"rendered":"","protected":false},"author":2,"featured_media":0,"parent":0,"menu_order":0,"comment_status":"closed","ping_status":"closed","template":"","meta":[],"_links":{"self":[{"href":"https:\/\/typo.uni-konstanz.de\/questionsInterfaces\/index.php\/wp-json\/wp\/v2\/pages\/1901"}],"collection":[{"href":"https:\/\/typo.uni-konstanz.de\/questionsInterfaces\/index.php\/wp-json\/wp\/v2\/pages"}],"about":[{"href":"https:\/\/typo.uni-konstanz.de\/questionsInterfaces\/index.php\/wp-json\/wp\/v2\/types\/page"}],"author":[{"embeddable":true,"href":"https:\/\/typo.uni-konstanz.de\/questionsInterfaces\/index.php\/wp-json\/wp\/v2\/users\/2"}],"replies":[{"embeddable":true,"href":"https:\/\/typo.uni-konstanz.de\/questionsInterfaces\/index.php\/wp-json\/wp\/v2\/comments?post=1901"}],"version-history":[{"count":1,"href":"https:\/\/typo.uni-konstanz.de\/questionsInterfaces\/index.php\/wp-json\/wp\/v2\/pages\/1901\/revisions"}],"predecessor-version":[{"id":1902,"href":"https:\/\/typo.uni-konstanz.de\/questionsInterfaces\/index.php\/wp-json\/wp\/v2\/pages\/1901\/revisions\/1902"}],"wp:attachment":[{"href":"https:\/\/typo.uni-konstanz.de\/questionsInterfaces\/index.php\/wp-json\/wp\/v2\/media?parent=1901"}],"curies":[{"name":"wp","href":"https:\/\/api.w.org\/{rel}","templated":true}]}}